{"id":2327,"date":"2023-07-26T12:33:37","date_gmt":"2023-07-26T17:33:37","guid":{"rendered":"https:\/\/artesanosberna.biz\/berna_2\/?page_id=2327"},"modified":"2025-07-08T15:17:16","modified_gmt":"2025-07-08T20:17:16","slug":"catalogo-temporada-2023","status":"publish","type":"page","link":"https:\/\/artesanosberna.biz\/berna_2\/catalogo-temporada-2023\/","title":{"rendered":"Catalogo Temporada 2023"},"content":{"rendered":"\t\t<div data-elementor-type=\"wp-page\" data-elementor-id=\"2327\" class=\"elementor elementor-2327\" data-elementor-post-type=\"page\">\n\t\t\t\t\t\t<section class=\"elementor-section elementor-top-section elementor-element elementor-element-b516024 elementor-section-full_width elementor-section-height-min-height elementor-section-content-top elementor-hidden-tablet elementor-hidden-mobile elementor-section-height-default elementor-section-items-middle wpr-particle-no wpr-jarallax-no wpr-parallax-no wpr-sticky-section-no\" data-id=\"b516024\" data-element_type=\"section\" data-e-type=\"section\" data-settings=\"{&quot;background_background&quot;:&quot;classic&quot;}\">\n\t\t\t\t\t\t\t<div class=\"elementor-background-overlay\"><\/div>\n\t\t\t\t\t\t\t<div class=\"elementor-container elementor-column-gap-default\">\n\t\t\t\t\t<div class=\"elementor-column elementor-col-100 elementor-top-column elementor-element elementor-element-a209ac6\" data-id=\"a209ac6\" data-element_type=\"column\" data-e-type=\"column\">\n\t\t\t<div class=\"elementor-widget-wrap elementor-element-populated\">\n\t\t\t\t\t\t<div class=\"elementor-element elementor-element-58442c7 elementor-widget elementor-widget-heading\" data-id=\"58442c7\" data-element_type=\"widget\" data-e-type=\"widget\" data-widget_type=\"heading.default\">\n\t\t\t\t<div class=\"elementor-widget-container\">\n\t\t\t\t\t<h1 class=\"elementor-heading-title elementor-size-default\">- CAT\u00c1LOGO TEMPORADA 2025 -<\/h1>\t\t\t\t<\/div>\n\t\t\t\t<\/div>\n\t\t\t\t\t<\/div>\n\t\t<\/div>\n\t\t\t\t\t<\/div>\n\t\t<\/section>\n\t\t\t\t<section class=\"elementor-section elementor-top-section elementor-element elementor-element-e0bd7b6 elementor-section-boxed elementor-section-height-default elementor-section-height-default wpr-particle-no wpr-jarallax-no wpr-parallax-no wpr-sticky-section-no\" data-id=\"e0bd7b6\" data-element_type=\"section\" data-e-type=\"section\">\n\t\t\t\t\t\t<div class=\"elementor-container elementor-column-gap-default\">\n\t\t\t\t\t<div class=\"elementor-column elementor-col-100 elementor-top-column elementor-element elementor-element-d495e7a\" data-id=\"d495e7a\" data-element_type=\"column\" data-e-type=\"column\">\n\t\t\t<div class=\"elementor-widget-wrap elementor-element-populated\">\n\t\t\t\t\t\t<div class=\"elementor-element elementor-element-9cc8e31 elementor-hidden-desktop elementor-widget elementor-widget-heading\" data-id=\"9cc8e31\" data-element_type=\"widget\" data-e-type=\"widget\" data-widget_type=\"heading.default\">\n\t\t\t\t<div class=\"elementor-widget-container\">\n\t\t\t\t\t<h1 class=\"elementor-heading-title elementor-size-default\">- CAT\u00c1LOGO TEMPORADA 2023 -<\/h1>\t\t\t\t<\/div>\n\t\t\t\t<\/div>\n\t\t\t\t<div class=\"elementor-element elementor-element-145805a elementor-widget elementor-widget-shortcode\" data-id=\"145805a\" data-element_type=\"widget\" data-e-type=\"widget\" data-widget_type=\"shortcode.default\">\n\t\t\t\t<div class=\"elementor-widget-container\">\n\t\t\t\t\t\t\t<div class=\"elementor-shortcode\"><div class=\"_df_book df-lite\" id=\"df_2363\"  _slug=\"\" data-title=\"temporada-2023\" wpoptions=\"true\" thumb=\"https:\/\/artesanosberna.biz\/berna_2\/wp-content\/uploads\/2023\/07\/01_portada.jpg\" thumbtype=\"\" ><\/div><script class=\"df-shortcode-script\" nowprocket type=\"application\/javascript\">window.option_df_2363 = {\"webgl\":\"false\",\"outline\":[],\"backgroundColor\":\"#fff\",\"hard\":\"cover\",\"autoEnableOutline\":\"false\",\"autoEnableThumbnail\":\"false\",\"overwritePDFOutline\":\"false\",\"direction\":\"1\",\"pageSize\":\"0\",\"source\":[\"https:\\\/\\\/artesanosberna.biz\\\/berna_2\\\/wp-content\\\/uploads\\\/2023\\\/07\\\/01_portada.jpg\",\"https:\\\/\\\/artesanosberna.biz\\\/berna_2\\\/wp-content\\\/uploads\\\/2023\\\/07\\\/02_separaya.jpg\",\"https:\\\/\\\/artesanosberna.biz\\\/berna_2\\\/wp-content\\\/uploads\\\/2023\\\/07\\\/03_cena-esperanza.jpg\",\"https:\\\/\\\/artesanosberna.biz\\\/berna_2\\\/wp-content\\\/uploads\\\/2023\\\/07\\\/04_cena-paz.jpg\",\"https:\\\/\\\/artesanosberna.biz\\\/berna_2\\\/wp-content\\\/uploads\\\/2023\\\/07\\\/05_cena-combi.jpg\",\"https:\\\/\\\/artesanosberna.biz\\\/berna_2\\\/wp-content\\\/uploads\\\/2023\\\/07\\\/06_pavo-roma.jpg\",\"https:\\\/\\\/artesanosberna.biz\\\/berna_2\\\/wp-content\\\/uploads\\\/2023\\\/07\\\/07_pernil-gourmet.jpg\",\"https:\\\/\\\/artesanosberna.biz\\\/berna_2\\\/wp-content\\\/uploads\\\/2023\\\/07\\\/08_pollo-relleno.jpg\",\"https:\\\/\\\/artesanosberna.biz\\\/berna_2\\\/wp-content\\\/uploads\\\/2023\\\/07\\\/09_pernil-cerdo.jpg\",\"https:\\\/\\\/artesanosberna.biz\\\/berna_2\\\/wp-content\\\/uploads\\\/2023\\\/07\\\/10_promo-sina.jpg\",\"https:\\\/\\\/artesanosberna.biz\\\/berna_2\\\/wp-content\\\/uploads\\\/2023\\\/07\\\/11_como-adquirir.jpg\",\"https:\\\/\\\/artesanosberna.biz\\\/berna_2\\\/wp-content\\\/uploads\\\/2023\\\/07\\\/12-porque-Berna.jpg\"],\"wpOptions\":\"true\",\"links\":[[],[],[],[],[],[],[],[],[],[],[],[],[]]}; if(window.DFLIP && window.DFLIP.parseBooks){window.DFLIP.parseBooks();}<\/script><\/div>\n\t\t\t\t\t\t<\/div>\n\t\t\t\t<\/div>\n\t\t\t\t\t<\/div>\n\t\t<\/div>\n\t\t\t\t\t<\/div>\n\t\t<\/section>\n\t\t\t\t<section class=\"elementor-section elementor-top-section elementor-element elementor-element-f198e52 elementor-section-boxed elementor-section-height-default elementor-section-height-default wpr-particle-no wpr-jarallax-no wpr-parallax-no wpr-sticky-section-no\" data-id=\"f198e52\" data-element_type=\"section\" data-e-type=\"section\">\n\t\t\t\t\t\t<div class=\"elementor-container elementor-column-gap-default\">\n\t\t\t\t\t<div class=\"elementor-column elementor-col-100 elementor-top-column elementor-element elementor-element-f043cc9\" data-id=\"f043cc9\" data-element_type=\"column\" data-e-type=\"column\">\n\t\t\t<div class=\"elementor-widget-wrap elementor-element-populated\">\n\t\t\t\t\t\t<div class=\"elementor-element elementor-element-56256bb elementor-widget elementor-widget-spacer\" data-id=\"56256bb\" data-element_type=\"widget\" data-e-type=\"widget\" data-widget_type=\"spacer.default\">\n\t\t\t\t<div class=\"elementor-widget-container\">\n\t\t\t\t\t\t\t<div class=\"elementor-spacer\">\n\t\t\t<div class=\"elementor-spacer-inner\"><\/div>\n\t\t<\/div>\n\t\t\t\t\t\t<\/div>\n\t\t\t\t<\/div>\n\t\t\t\t\t<\/div>\n\t\t<\/div>\n\t\t\t\t\t<\/div>\n\t\t<\/section>\n\t\t\t\t<\/div>\n\t\t","protected":false},"excerpt":{"rendered":"<p>&#8211; CAT\u00c1LOGO TEMPORADA 2025 &#8211; &#8211; CAT\u00c1LOGO TEMPORADA 2023 &#8211;<\/p>\n","protected":false},"author":2,"featured_media":0,"parent":0,"menu_order":0,"comment_status":"closed","ping_status":"closed","template":"elementor_theme","meta":{"_acf_changed":false,"_eb_attr":"","_joinchat":[],"footnotes":"","_links_to":"","_links_to_target":""},"class_list":["post-2327","page","type-page","status-publish","hentry"],"acf":[],"yoast_head":"<!-- This site is optimized with the Yoast SEO plugin v27.3 - https:\/\/yoast.com\/product\/yoast-seo-wordpress\/ -->\n<title>Catalogo Temporada 2023 | Berna<\/title>\n<meta name=\"robots\" content=\"index, follow, max-snippet:-1, max-image-preview:large, max-video-preview:-1\" \/>\n<link rel=\"canonical\" href=\"https:\/\/artesanosberna.biz\/berna_2\/catalogo-temporada-2023\/\" \/>\n<meta property=\"og:locale\" content=\"es_ES\" \/>\n<meta property=\"og:type\" content=\"article\" \/>\n<meta property=\"og:title\" content=\"Catalogo Temporada 2023 | Berna\" \/>\n<meta property=\"og:description\" content=\"&#8211; CAT\u00c1LOGO TEMPORADA 2025 &#8211; &#8211; CAT\u00c1LOGO TEMPORADA 2023 &#8211;\" \/>\n<meta property=\"og:url\" content=\"https:\/\/artesanosberna.biz\/berna_2\/catalogo-temporada-2023\/\" \/>\n<meta property=\"og:site_name\" content=\"Berna\" \/>\n<meta property=\"article:publisher\" content=\"https:\/\/www.facebook.com\/BernaCarnesFrias\/\" \/>\n<meta property=\"article:modified_time\" content=\"2025-07-08T20:17:16+00:00\" \/>\n<meta name=\"twitter:label1\" content=\"Tiempo de lectura\" \/>\n\t<meta name=\"twitter:data1\" content=\"1 minuto\" \/>\n<script type=\"application\/ld+json\" class=\"yoast-schema-graph\">{\"@context\":\"https:\\\/\\\/schema.org\",\"@graph\":[{\"@type\":\"WebPage\",\"@id\":\"https:\\\/\\\/artesanosberna.biz\\\/berna_2\\\/catalogo-temporada-2023\\\/\",\"url\":\"https:\\\/\\\/artesanosberna.biz\\\/berna_2\\\/catalogo-temporada-2023\\\/\",\"name\":\"Catalogo Temporada 2023 | Berna\",\"isPartOf\":{\"@id\":\"https:\\\/\\\/artesanosberna.biz\\\/berna_2\\\/#website\"},\"datePublished\":\"2023-07-26T17:33:37+00:00\",\"dateModified\":\"2025-07-08T20:17:16+00:00\",\"breadcrumb\":{\"@id\":\"https:\\\/\\\/artesanosberna.biz\\\/berna_2\\\/catalogo-temporada-2023\\\/#breadcrumb\"},\"inLanguage\":\"es\",\"potentialAction\":[{\"@type\":\"ReadAction\",\"target\":[\"https:\\\/\\\/artesanosberna.biz\\\/berna_2\\\/catalogo-temporada-2023\\\/\"]}]},{\"@type\":\"BreadcrumbList\",\"@id\":\"https:\\\/\\\/artesanosberna.biz\\\/berna_2\\\/catalogo-temporada-2023\\\/#breadcrumb\",\"itemListElement\":[{\"@type\":\"ListItem\",\"position\":1,\"name\":\"Portada\",\"item\":\"https:\\\/\\\/artesanosberna.biz\\\/berna_2\\\/\"},{\"@type\":\"ListItem\",\"position\":2,\"name\":\"Catalogo Temporada 2023\"}]},{\"@type\":\"WebSite\",\"@id\":\"https:\\\/\\\/artesanosberna.biz\\\/berna_2\\\/#website\",\"url\":\"https:\\\/\\\/artesanosberna.biz\\\/berna_2\\\/\",\"name\":\"Berna\",\"description\":\"Carnes Fr\u00edas Berna, Alimentos La Cali Producci\u00f3n y distribuci\u00f3n de productos c\u00e1rnicos embutidos\",\"publisher\":{\"@id\":\"https:\\\/\\\/artesanosberna.biz\\\/berna_2\\\/#organization\"},\"potentialAction\":[{\"@type\":\"SearchAction\",\"target\":{\"@type\":\"EntryPoint\",\"urlTemplate\":\"https:\\\/\\\/artesanosberna.biz\\\/berna_2\\\/?s={search_term_string}\"},\"query-input\":{\"@type\":\"PropertyValueSpecification\",\"valueRequired\":true,\"valueName\":\"search_term_string\"}}],\"inLanguage\":\"es\"},{\"@type\":\"Organization\",\"@id\":\"https:\\\/\\\/artesanosberna.biz\\\/berna_2\\\/#organization\",\"name\":\"Carnes Frias Berna\",\"url\":\"https:\\\/\\\/artesanosberna.biz\\\/berna_2\\\/\",\"logo\":{\"@type\":\"ImageObject\",\"inLanguage\":\"es\",\"@id\":\"https:\\\/\\\/artesanosberna.biz\\\/berna_2\\\/#\\\/schema\\\/logo\\\/image\\\/\",\"url\":\"https:\\\/\\\/artesanosberna.biz\\\/berna_2\\\/wp-content\\\/uploads\\\/2018\\\/08\\\/Marca_Pagina_Fondo.png\",\"contentUrl\":\"https:\\\/\\\/artesanosberna.biz\\\/berna_2\\\/wp-content\\\/uploads\\\/2018\\\/08\\\/Marca_Pagina_Fondo.png\",\"width\":512,\"height\":512,\"caption\":\"Carnes Frias Berna\"},\"image\":{\"@id\":\"https:\\\/\\\/artesanosberna.biz\\\/berna_2\\\/#\\\/schema\\\/logo\\\/image\\\/\"},\"sameAs\":[\"https:\\\/\\\/www.facebook.com\\\/BernaCarnesFrias\\\/\",\"https:\\\/\\\/www.instagram.com\\\/berna_colombia\\\/\",\"https:\\\/\\\/www.youtube.com\\\/channel\\\/UCliyhitXbihR3HsCHKwNzlA\"]}]}<\/script>\n<!-- \/ Yoast SEO plugin. -->","yoast_head_json":{"title":"Catalogo Temporada 2023 | Berna","robots":{"index":"index","follow":"follow","max-snippet":"max-snippet:-1","max-image-preview":"max-image-preview:large","max-video-preview":"max-video-preview:-1"},"canonical":"https:\/\/artesanosberna.biz\/berna_2\/catalogo-temporada-2023\/","og_locale":"es_ES","og_type":"article","og_title":"Catalogo Temporada 2023 | Berna","og_description":"&#8211; CAT\u00c1LOGO TEMPORADA 2025 &#8211; &#8211; CAT\u00c1LOGO TEMPORADA 2023 &#8211;","og_url":"https:\/\/artesanosberna.biz\/berna_2\/catalogo-temporada-2023\/","og_site_name":"Berna","article_publisher":"https:\/\/www.facebook.com\/BernaCarnesFrias\/","article_modified_time":"2025-07-08T20:17:16+00:00","twitter_misc":{"Tiempo de lectura":"1 minuto"},"schema":{"@context":"https:\/\/schema.org","@graph":[{"@type":"WebPage","@id":"https:\/\/artesanosberna.biz\/berna_2\/catalogo-temporada-2023\/","url":"https:\/\/artesanosberna.biz\/berna_2\/catalogo-temporada-2023\/","name":"Catalogo Temporada 2023 | Berna","isPartOf":{"@id":"https:\/\/artesanosberna.biz\/berna_2\/#website"},"datePublished":"2023-07-26T17:33:37+00:00","dateModified":"2025-07-08T20:17:16+00:00","breadcrumb":{"@id":"https:\/\/artesanosberna.biz\/berna_2\/catalogo-temporada-2023\/#breadcrumb"},"inLanguage":"es","potentialAction":[{"@type":"ReadAction","target":["https:\/\/artesanosberna.biz\/berna_2\/catalogo-temporada-2023\/"]}]},{"@type":"BreadcrumbList","@id":"https:\/\/artesanosberna.biz\/berna_2\/catalogo-temporada-2023\/#breadcrumb","itemListElement":[{"@type":"ListItem","position":1,"name":"Portada","item":"https:\/\/artesanosberna.biz\/berna_2\/"},{"@type":"ListItem","position":2,"name":"Catalogo Temporada 2023"}]},{"@type":"WebSite","@id":"https:\/\/artesanosberna.biz\/berna_2\/#website","url":"https:\/\/artesanosberna.biz\/berna_2\/","name":"Berna","description":"Carnes Fr\u00edas Berna, Alimentos La Cali Producci\u00f3n y distribuci\u00f3n de productos c\u00e1rnicos embutidos","publisher":{"@id":"https:\/\/artesanosberna.biz\/berna_2\/#organization"},"potentialAction":[{"@type":"SearchAction","target":{"@type":"EntryPoint","urlTemplate":"https:\/\/artesanosberna.biz\/berna_2\/?s={search_term_string}"},"query-input":{"@type":"PropertyValueSpecification","valueRequired":true,"valueName":"search_term_string"}}],"inLanguage":"es"},{"@type":"Organization","@id":"https:\/\/artesanosberna.biz\/berna_2\/#organization","name":"Carnes Frias Berna","url":"https:\/\/artesanosberna.biz\/berna_2\/","logo":{"@type":"ImageObject","inLanguage":"es","@id":"https:\/\/artesanosberna.biz\/berna_2\/#\/schema\/logo\/image\/","url":"https:\/\/artesanosberna.biz\/berna_2\/wp-content\/uploads\/2018\/08\/Marca_Pagina_Fondo.png","contentUrl":"https:\/\/artesanosberna.biz\/berna_2\/wp-content\/uploads\/2018\/08\/Marca_Pagina_Fondo.png","width":512,"height":512,"caption":"Carnes Frias Berna"},"image":{"@id":"https:\/\/artesanosberna.biz\/berna_2\/#\/schema\/logo\/image\/"},"sameAs":["https:\/\/www.facebook.com\/BernaCarnesFrias\/","https:\/\/www.instagram.com\/berna_colombia\/","https:\/\/www.youtube.com\/channel\/UCliyhitXbihR3HsCHKwNzlA"]}]}},"jetpack_sharing_enabled":true,"_links":{"self":[{"href":"https:\/\/artesanosberna.biz\/berna_2\/wp-json\/wp\/v2\/pages\/2327","targetHints":{"allow":["GET"]}}],"collection":[{"href":"https:\/\/artesanosberna.biz\/berna_2\/wp-json\/wp\/v2\/pages"}],"about":[{"href":"https:\/\/artesanosberna.biz\/berna_2\/wp-json\/wp\/v2\/types\/page"}],"author":[{"embeddable":true,"href":"https:\/\/artesanosberna.biz\/berna_2\/wp-json\/wp\/v2\/users\/2"}],"replies":[{"embeddable":true,"href":"https:\/\/artesanosberna.biz\/berna_2\/wp-json\/wp\/v2\/comments?post=2327"}],"version-history":[{"count":37,"href":"https:\/\/artesanosberna.biz\/berna_2\/wp-json\/wp\/v2\/pages\/2327\/revisions"}],"predecessor-version":[{"id":3433,"href":"https:\/\/artesanosberna.biz\/berna_2\/wp-json\/wp\/v2\/pages\/2327\/revisions\/3433"}],"wp:attachment":[{"href":"https:\/\/artesanosberna.biz\/berna_2\/wp-json\/wp\/v2\/media?parent=2327"}],"curies":[{"name":"wp","href":"https:\/\/api.w.org\/{rel}","templated":true}]}}